{"id":2069,"date":"2022-02-27T05:31:00","date_gmt":"2022-02-27T05:31:00","guid":{"rendered":"https:\/\/themexriver.com\/glow-demo\/?page_id=15"},"modified":"2024-03-12T14:06:46","modified_gmt":"2024-03-12T14:06:46","slug":"service","status":"publish","type":"page","link":"https:\/\/kferfseguros.com.br\/index.php\/service\/","title":{"rendered":"Servi\u00e7os"},"content":{"rendered":"\t\t<div data-elementor-type=\"wp-page\" data-elementor-id=\"2069\" class=\"elementor elementor-2069\" data-elementor-post-type=\"page\">\n\t\t\t\t\t\t<section class=\"elementor-section elementor-top-section elementor-element elementor-element-5339758 elementor-section-full_width elementor-section-height-default elementor-section-height-default\" data-id=\"5339758\" data-element_type=\"section\" data-settings=\"{&quot;background_background&quot;:&quot;classic&quot;}\">\n\t\t\t\t\t\t\t<div class=\"elementor-background-overlay\"><\/div>\n\t\t\t\t\t\t\t<div class=\"elementor-container elementor-column-gap-no\">\n\t\t\t\t\t<div class=\"elementor-column elementor-col-100 elementor-top-column elementor-element elementor-element-a53134b\" data-id=\"a53134b\" data-element_type=\"column\">\n\t\t\t<div class=\"elementor-widget-wrap elementor-element-populated\">\n\t\t\t\t\t\t<div class=\"elementor-element elementor-element-3eff7b9 elementor-widget elementor-widget-glow-service-\" data-id=\"3eff7b9\" data-element_type=\"widget\" data-widget_type=\"glow-service-.default\">\n\t\t\t\t<div class=\"elementor-widget-container\">\n\t\t\t<!-- Start of service section\r\n\t============================================= -->\r\n\t<section id=\"gl-service-3\" class=\"gl-service-section-3\">\r\n\t\t<div class=\"container\">\r\n\t\t\t\t\t\t<div class=\"gl-section-title-3 text-center\">\r\n\t\t\t\t\r\n\t\t\t\t\t\t\t\t<div class=\"subtitle\">\r\n\t\t\t\tNossos Servi\u00e7os\t\t\t\t<\/div>\r\n\t\t\t\t\t\t\t\t\t\t\t\t\t<h2>\r\n\t\t\t\t\t\tOferecemos o melhor servi\u00e7o de seguros para nossos clientes\t\t\t\t\t<\/h2>\r\n\t\t\t\t\t\t\t<\/div>\r\n\t\t\t\t\t\t<div class=\"gl-service-content-3\">\r\n\t\t\t\t<div class=\"gl-service-slider-wrapper\">\r\n\t\t\t\t\t                    \t\t\t\t\t<div class=\"thx-slider-inner\">\r\n\t\t\t\t\t\t<div class=\"gl-service-slider-items\">\r\n\t\t\t\t\t\t\t<div class=\"thx-inner-item d-flex flex-wrap justify-content-between\">\r\n\t\t\t\t\t\t\t\t<div class=\"thx-inner-text-wrap\">\r\n\t\t\t\t\t\t\t\t\t<div class=\"thx-inner-icon position-relative\">\r\n\t\t\t\t\t\t\t\t\t\t<img decoding=\"async\" src=\"https:\/\/themexriver.com\/wp\/glox-demo\/wp-content\/uploads\/2022\/05\/home-1.svg\" alt=\"\">\r\n\t\t\t\t\t\t\t\t\t<\/div>\r\n\t\t\t\t\t\t\t\t\t<div class=\"thx-inner-title headline-3\">\r\n\t\t\t\t\t\t\t\t\t\t<h3> <a href=\"https:\/\/kferfseguros.com.br\/index.php\/glow_service\/home-insurance\/\">Seguro Residencial<\/a><\/h3>   \r\n\t\t\t\t\t\t\t\t\t<\/div>\r\n\t\t\t\t\t\t\t\t\t<div class=\"thx-inner-text ul-li-block\">\r\n\t\t\t\t\t\t\t\t\t\t<p>Coberturas como queda de raio, inc\u00eandio, explos\u00e3o, danos el\u00e9tricos e roubo.<\/p>\t\t\t\t\t\t\t\t\t<\/div>\r\n\t\t\t\t\t\t\t\t\t<div class=\"thx-inner-btn\">\r\n\t\t\t\t\t\t\t\t\t\t<a class=\"d-flex justify-content-center align-items-center\" href=\"https:\/\/kferfseguros.com.br\/index.php\/glow_service\/home-insurance\/\">Saiba Mais <i class=\"far fa-arrow-right\"><\/i><\/a>\r\n\t\t\t\t\t\t\t\t\t<\/div>\r\n\t\t\t\t\t\t\t\t<\/div>\r\n\t\t\t\t\t\t\t\t\t\t\t\t\t\t\t\t<div class=\"thx-inner-img-wrap position-relative\">\r\n\t\t\t\t\t\t\t\t\t<span class=\"img-shape position-absolute\"><img decoding=\"async\" src=\"https:\/\/themexriver.com\/glow-demo\/wp-content\/uploads\/2022\/03\/sh14.png\" alt=\"\"><\/span>\r\n\t\t\t\t\t\t\t\t\t<div class=\"thx-inner-img\">\r\n\t\t\t\t\t\t\t\t\t\t<img decoding=\"async\" src=\"https:\/\/themexriver.com\/wp\/glox-demo\/wp-content\/uploads\/2022\/05\/1.png\" alt=\"\">\r\n\t\t\t\t\t\t\t\t\t<\/div>\r\n\t\t\t\t\t\t\t\t<\/div>\r\n\t\t\t\t\t\t\t\t\t\t\t\t\t\t\t<\/div>\r\n\t\t\t\t\t\t<\/div>\r\n\t\t\t\t\t<\/div>\r\n\t\t\t\t\t                    \t\t\t\t\t<div class=\"thx-slider-inner\">\r\n\t\t\t\t\t\t<div class=\"gl-service-slider-items\">\r\n\t\t\t\t\t\t\t<div class=\"thx-inner-item d-flex flex-wrap justify-content-between\">\r\n\t\t\t\t\t\t\t\t<div class=\"thx-inner-text-wrap\">\r\n\t\t\t\t\t\t\t\t\t<div class=\"thx-inner-icon position-relative\">\r\n\t\t\t\t\t\t\t\t\t\t<img decoding=\"async\" src=\"https:\/\/themexriver.com\/wp\/glox-demo\/wp-content\/uploads\/2022\/05\/heart-info.svg\" alt=\"\">\r\n\t\t\t\t\t\t\t\t\t<\/div>\r\n\t\t\t\t\t\t\t\t\t<div class=\"thx-inner-title headline-3\">\r\n\t\t\t\t\t\t\t\t\t\t<h3> <a href=\"https:\/\/kferfseguros.com.br\/index.php\/glow_service\/product-management\/\">Planejamento Sucess\u00f3rio<\/a><\/h3>   \r\n\t\t\t\t\t\t\t\t\t<\/div>\r\n\t\t\t\t\t\t\t\t\t<div class=\"thx-inner-text ul-li-block\">\r\n\t\t\t\t\t\t\t\t\t\t<p>Quais s\u00e3o as formas de fazer um Planejamento Sucess\u00f3rio?\u00a0<\/p>\t\t\t\t\t\t\t\t\t<\/div>\r\n\t\t\t\t\t\t\t\t\t<div class=\"thx-inner-btn\">\r\n\t\t\t\t\t\t\t\t\t\t<a class=\"d-flex justify-content-center align-items-center\" href=\"https:\/\/kferfseguros.com.br\/index.php\/glow_service\/product-management\/\">Saiba Mais <i class=\"far fa-arrow-right\"><\/i><\/a>\r\n\t\t\t\t\t\t\t\t\t<\/div>\r\n\t\t\t\t\t\t\t\t<\/div>\r\n\t\t\t\t\t\t\t\t\t\t\t\t\t\t\t\t<div class=\"thx-inner-img-wrap position-relative\">\r\n\t\t\t\t\t\t\t\t\t<span class=\"img-shape position-absolute\"><img decoding=\"async\" src=\"https:\/\/themexriver.com\/glow-demo\/wp-content\/uploads\/2022\/03\/sh14.png\" alt=\"\"><\/span>\r\n\t\t\t\t\t\t\t\t\t<div class=\"thx-inner-img\">\r\n\t\t\t\t\t\t\t\t\t\t<img decoding=\"async\" src=\"https:\/\/kferfseguros.com.br\/wp-content\/uploads\/2024\/03\/sucessao-familiar-png.png\" alt=\"\">\r\n\t\t\t\t\t\t\t\t\t<\/div>\r\n\t\t\t\t\t\t\t\t<\/div>\r\n\t\t\t\t\t\t\t\t\t\t\t\t\t\t\t<\/div>\r\n\t\t\t\t\t\t<\/div>\r\n\t\t\t\t\t<\/div>\r\n\t\t\t\t\t                    \t\t\t\t\t<div class=\"thx-slider-inner\">\r\n\t\t\t\t\t\t<div class=\"gl-service-slider-items\">\r\n\t\t\t\t\t\t\t<div class=\"thx-inner-item d-flex flex-wrap justify-content-between\">\r\n\t\t\t\t\t\t\t\t<div class=\"thx-inner-text-wrap\">\r\n\t\t\t\t\t\t\t\t\t<div class=\"thx-inner-icon position-relative\">\r\n\t\t\t\t\t\t\t\t\t\t<img decoding=\"async\" src=\"https:\/\/kferfseguros.com.br\/wp-content\/uploads\/2022\/05\/car.svg\" alt=\"\">\r\n\t\t\t\t\t\t\t\t\t<\/div>\r\n\t\t\t\t\t\t\t\t\t<div class=\"thx-inner-title headline-3\">\r\n\t\t\t\t\t\t\t\t\t\t<h3> <a href=\"https:\/\/kferfseguros.com.br\/index.php\/glow_service\/auto-insurance\/\">Seguro Autom\u00f3vel \/ Frota<\/a><\/h3>   \r\n\t\t\t\t\t\t\t\t\t<\/div>\r\n\t\t\t\t\t\t\t\t\t<div class=\"thx-inner-text ul-li-block\">\r\n\t\t\t\t\t\t\t\t\t\t<p>Garanta a seguran\u00e7a, tranquilidade para a sua empresa ou fam\u00edlia!<\/p>\t\t\t\t\t\t\t\t\t<\/div>\r\n\t\t\t\t\t\t\t\t\t<div class=\"thx-inner-btn\">\r\n\t\t\t\t\t\t\t\t\t\t<a class=\"d-flex justify-content-center align-items-center\" href=\"https:\/\/kferfseguros.com.br\/index.php\/glow_service\/auto-insurance\/\">Saiba Mais <i class=\"far fa-arrow-right\"><\/i><\/a>\r\n\t\t\t\t\t\t\t\t\t<\/div>\r\n\t\t\t\t\t\t\t\t<\/div>\r\n\t\t\t\t\t\t\t\t\t\t\t\t\t\t\t\t<div class=\"thx-inner-img-wrap position-relative\">\r\n\t\t\t\t\t\t\t\t\t<span class=\"img-shape position-absolute\"><img decoding=\"async\" src=\"https:\/\/themexriver.com\/glow-demo\/wp-content\/uploads\/2022\/03\/sh14.png\" alt=\"\"><\/span>\r\n\t\t\t\t\t\t\t\t\t<div class=\"thx-inner-img\">\r\n\t\t\t\t\t\t\t\t\t\t<img decoding=\"async\" src=\"https:\/\/themexriver.com\/wp\/glox-demo\/wp-content\/uploads\/2022\/05\/2.png\" alt=\"\">\r\n\t\t\t\t\t\t\t\t\t<\/div>\r\n\t\t\t\t\t\t\t\t<\/div>\r\n\t\t\t\t\t\t\t\t\t\t\t\t\t\t\t<\/div>\r\n\t\t\t\t\t\t<\/div>\r\n\t\t\t\t\t<\/div>\r\n\t\t\t\t\t                    \t\t\t\t\t<div class=\"thx-slider-inner\">\r\n\t\t\t\t\t\t<div class=\"gl-service-slider-items\">\r\n\t\t\t\t\t\t\t<div class=\"thx-inner-item d-flex flex-wrap justify-content-between\">\r\n\t\t\t\t\t\t\t\t<div class=\"thx-inner-text-wrap\">\r\n\t\t\t\t\t\t\t\t\t<div class=\"thx-inner-icon position-relative\">\r\n\t\t\t\t\t\t\t\t\t\t<img decoding=\"async\" src=\"https:\/\/themexriver.com\/wp\/glox-demo\/wp-content\/uploads\/2022\/05\/heart-info.svg\" alt=\"\">\r\n\t\t\t\t\t\t\t\t\t<\/div>\r\n\t\t\t\t\t\t\t\t\t<div class=\"thx-inner-title headline-3\">\r\n\t\t\t\t\t\t\t\t\t\t<h3> <a href=\"https:\/\/kferfseguros.com.br\/index.php\/glow_service\/business-development\/\">Compliance<\/a><\/h3>   \r\n\t\t\t\t\t\t\t\t\t<\/div>\r\n\t\t\t\t\t\t\t\t\t<div class=\"thx-inner-text ul-li-block\">\r\n\t\t\t\t\t\t\t\t\t\t<p>Quais s\u00e3o as formas de fazer um Planejamento Sucess\u00f3rio?\u00a0<\/p>\t\t\t\t\t\t\t\t\t<\/div>\r\n\t\t\t\t\t\t\t\t\t<div class=\"thx-inner-btn\">\r\n\t\t\t\t\t\t\t\t\t\t<a class=\"d-flex justify-content-center align-items-center\" href=\"https:\/\/kferfseguros.com.br\/index.php\/glow_service\/business-development\/\">Saiba Mais <i class=\"far fa-arrow-right\"><\/i><\/a>\r\n\t\t\t\t\t\t\t\t\t<\/div>\r\n\t\t\t\t\t\t\t\t<\/div>\r\n\t\t\t\t\t\t\t\t\t\t\t\t\t\t\t\t<div class=\"thx-inner-img-wrap position-relative\">\r\n\t\t\t\t\t\t\t\t\t<span class=\"img-shape position-absolute\"><img decoding=\"async\" src=\"https:\/\/themexriver.com\/glow-demo\/wp-content\/uploads\/2022\/03\/sh14.png\" alt=\"\"><\/span>\r\n\t\t\t\t\t\t\t\t\t<div class=\"thx-inner-img\">\r\n\t\t\t\t\t\t\t\t\t\t<img decoding=\"async\" src=\"https:\/\/kferfseguros.com.br\/wp-content\/uploads\/2024\/03\/compliance-png.png\" alt=\"\">\r\n\t\t\t\t\t\t\t\t\t<\/div>\r\n\t\t\t\t\t\t\t\t<\/div>\r\n\t\t\t\t\t\t\t\t\t\t\t\t\t\t\t<\/div>\r\n\t\t\t\t\t\t<\/div>\r\n\t\t\t\t\t<\/div>\r\n\t\t\t\t\t                    \t\t\t\t\t<div class=\"thx-slider-inner\">\r\n\t\t\t\t\t\t<div class=\"gl-service-slider-items\">\r\n\t\t\t\t\t\t\t<div class=\"thx-inner-item d-flex flex-wrap justify-content-between\">\r\n\t\t\t\t\t\t\t\t<div class=\"thx-inner-text-wrap\">\r\n\t\t\t\t\t\t\t\t\t<div class=\"thx-inner-icon position-relative\">\r\n\t\t\t\t\t\t\t\t\t\t<img decoding=\"async\" src=\"https:\/\/themexriver.com\/wp\/glox-demo\/wp-content\/uploads\/2022\/05\/heart-info.svg\" alt=\"\">\r\n\t\t\t\t\t\t\t\t\t<\/div>\r\n\t\t\t\t\t\t\t\t\t<div class=\"thx-inner-title headline-3\">\r\n\t\t\t\t\t\t\t\t\t\t<h3> <a href=\"https:\/\/kferfseguros.com.br\/index.php\/glow_service\/life-insurance\/\">Seguro de Vida<\/a><\/h3>   \r\n\t\t\t\t\t\t\t\t\t<\/div>\r\n\t\t\t\t\t\t\t\t\t<div class=\"thx-inner-text ul-li-block\">\r\n\t\t\t\t\t\t\t\t\t\t<p>Prote\u00e7\u00e3o familiar para a tranquilidade da sua fam\u00edlia ou funcion\u00e1rio da sua empresa.<\/p>\t\t\t\t\t\t\t\t\t<\/div>\r\n\t\t\t\t\t\t\t\t\t<div class=\"thx-inner-btn\">\r\n\t\t\t\t\t\t\t\t\t\t<a class=\"d-flex justify-content-center align-items-center\" href=\"https:\/\/kferfseguros.com.br\/index.php\/glow_service\/life-insurance\/\">Saiba Mais <i class=\"far fa-arrow-right\"><\/i><\/a>\r\n\t\t\t\t\t\t\t\t\t<\/div>\r\n\t\t\t\t\t\t\t\t<\/div>\r\n\t\t\t\t\t\t\t\t\t\t\t\t\t\t\t\t<div class=\"thx-inner-img-wrap position-relative\">\r\n\t\t\t\t\t\t\t\t\t<span class=\"img-shape position-absolute\"><img decoding=\"async\" src=\"https:\/\/themexriver.com\/glow-demo\/wp-content\/uploads\/2022\/03\/sh14.png\" alt=\"\"><\/span>\r\n\t\t\t\t\t\t\t\t\t<div class=\"thx-inner-img\">\r\n\t\t\t\t\t\t\t\t\t\t<img decoding=\"async\" src=\"https:\/\/themexriver.com\/wp\/glox-demo\/wp-content\/uploads\/2022\/05\/3.png\" alt=\"\">\r\n\t\t\t\t\t\t\t\t\t<\/div>\r\n\t\t\t\t\t\t\t\t<\/div>\r\n\t\t\t\t\t\t\t\t\t\t\t\t\t\t\t<\/div>\r\n\t\t\t\t\t\t<\/div>\r\n\t\t\t\t\t<\/div>\r\n\t\t\t\t\t                    \t\t\t\t\t<div class=\"thx-slider-inner\">\r\n\t\t\t\t\t\t<div class=\"gl-service-slider-items\">\r\n\t\t\t\t\t\t\t<div class=\"thx-inner-item d-flex flex-wrap justify-content-between\">\r\n\t\t\t\t\t\t\t\t<div class=\"thx-inner-text-wrap\">\r\n\t\t\t\t\t\t\t\t\t<div class=\"thx-inner-icon position-relative\">\r\n\t\t\t\t\t\t\t\t\t\t<img decoding=\"async\" src=\"https:\/\/kferfseguros.com.br\/wp-content\/uploads\/2022\/05\/airplane.svg\" alt=\"\">\r\n\t\t\t\t\t\t\t\t\t<\/div>\r\n\t\t\t\t\t\t\t\t\t<div class=\"thx-inner-title headline-3\">\r\n\t\t\t\t\t\t\t\t\t\t<h3> <a href=\"https:\/\/kferfseguros.com.br\/index.php\/glow_service\/travel-insurance\/\">Seguro Viagem<\/a><\/h3>   \r\n\t\t\t\t\t\t\t\t\t<\/div>\r\n\t\t\t\t\t\t\t\t\t<div class=\"thx-inner-text ul-li-block\">\r\n\t\t\t\t\t\t\t\t\t\t<p>Tranquilidade e prote\u00e7\u00e3o nas suas viagens nacionais e internacionais.<\/p>\t\t\t\t\t\t\t\t\t<\/div>\r\n\t\t\t\t\t\t\t\t\t<div class=\"thx-inner-btn\">\r\n\t\t\t\t\t\t\t\t\t\t<a class=\"d-flex justify-content-center align-items-center\" href=\"https:\/\/kferfseguros.com.br\/index.php\/glow_service\/travel-insurance\/\">Saiba Mais <i class=\"far fa-arrow-right\"><\/i><\/a>\r\n\t\t\t\t\t\t\t\t\t<\/div>\r\n\t\t\t\t\t\t\t\t<\/div>\r\n\t\t\t\t\t\t\t\t\t\t\t\t\t\t\t\t<div class=\"thx-inner-img-wrap position-relative\">\r\n\t\t\t\t\t\t\t\t\t<span class=\"img-shape position-absolute\"><img decoding=\"async\" src=\"https:\/\/themexriver.com\/glow-demo\/wp-content\/uploads\/2022\/03\/sh14.png\" alt=\"\"><\/span>\r\n\t\t\t\t\t\t\t\t\t<div class=\"thx-inner-img\">\r\n\t\t\t\t\t\t\t\t\t\t<img decoding=\"async\" src=\"https:\/\/themexriver.com\/wp\/glox-demo\/wp-content\/uploads\/2022\/05\/4.png\" alt=\"\">\r\n\t\t\t\t\t\t\t\t\t<\/div>\r\n\t\t\t\t\t\t\t\t<\/div>\r\n\t\t\t\t\t\t\t\t\t\t\t\t\t\t\t<\/div>\r\n\t\t\t\t\t\t<\/div>\r\n\t\t\t\t\t<\/div>\r\n\t\t\t\t\t                    \t\t\t\t\t<div class=\"thx-slider-inner\">\r\n\t\t\t\t\t\t<div class=\"gl-service-slider-items\">\r\n\t\t\t\t\t\t\t<div class=\"thx-inner-item d-flex flex-wrap justify-content-between\">\r\n\t\t\t\t\t\t\t\t<div class=\"thx-inner-text-wrap\">\r\n\t\t\t\t\t\t\t\t\t<div class=\"thx-inner-icon position-relative\">\r\n\t\t\t\t\t\t\t\t\t\t<img decoding=\"async\" src=\"https:\/\/kferfseguros.com.br\/wp-content\/uploads\/2022\/05\/car.svg\" alt=\"\">\r\n\t\t\t\t\t\t\t\t\t<\/div>\r\n\t\t\t\t\t\t\t\t\t<div class=\"thx-inner-title headline-3\">\r\n\t\t\t\t\t\t\t\t\t\t<h3> <a href=\"https:\/\/kferfseguros.com.br\/index.php\/glow_service\/financial-planning\/\">Cons\u00f3rcio, Financiamentos e Empr\u00e9stimos<\/a><\/h3>   \r\n\t\t\t\t\t\t\t\t\t<\/div>\r\n\t\t\t\t\t\t\t\t\t<div class=\"thx-inner-text ul-li-block\">\r\n\t\t\t\t\t\t\t\t\t\t<p><b><i>Diferenciais: Planos sem juros, lances por sorteio, fixos e embutidos.<\/i><\/b><\/p>\t\t\t\t\t\t\t\t\t<\/div>\r\n\t\t\t\t\t\t\t\t\t<div class=\"thx-inner-btn\">\r\n\t\t\t\t\t\t\t\t\t\t<a class=\"d-flex justify-content-center align-items-center\" href=\"https:\/\/kferfseguros.com.br\/index.php\/glow_service\/financial-planning\/\">Saiba Mais <i class=\"far fa-arrow-right\"><\/i><\/a>\r\n\t\t\t\t\t\t\t\t\t<\/div>\r\n\t\t\t\t\t\t\t\t<\/div>\r\n\t\t\t\t\t\t\t\t\t\t\t\t\t\t\t\t<div class=\"thx-inner-img-wrap position-relative\">\r\n\t\t\t\t\t\t\t\t\t<span class=\"img-shape position-absolute\"><img decoding=\"async\" src=\"https:\/\/themexriver.com\/glow-demo\/wp-content\/uploads\/2022\/03\/sh14.png\" alt=\"\"><\/span>\r\n\t\t\t\t\t\t\t\t\t<div class=\"thx-inner-img\">\r\n\t\t\t\t\t\t\t\t\t\t<img decoding=\"async\" src=\"https:\/\/kferfseguros.com.br\/wp-content\/uploads\/2024\/03\/consorcio.png\" alt=\"\">\r\n\t\t\t\t\t\t\t\t\t<\/div>\r\n\t\t\t\t\t\t\t\t<\/div>\r\n\t\t\t\t\t\t\t\t\t\t\t\t\t\t\t<\/div>\r\n\t\t\t\t\t\t<\/div>\r\n\t\t\t\t\t<\/div>\r\n\t\t\t\t\t                    \t\t\t\t\t<div class=\"thx-slider-inner\">\r\n\t\t\t\t\t\t<div class=\"gl-service-slider-items\">\r\n\t\t\t\t\t\t\t<div class=\"thx-inner-item d-flex flex-wrap justify-content-between\">\r\n\t\t\t\t\t\t\t\t<div class=\"thx-inner-text-wrap\">\r\n\t\t\t\t\t\t\t\t\t<div class=\"thx-inner-icon position-relative\">\r\n\t\t\t\t\t\t\t\t\t\t<img decoding=\"async\" src=\"https:\/\/themexriver.com\/wp\/glox-demo\/wp-content\/uploads\/2022\/05\/heart-info.svg\" alt=\"\">\r\n\t\t\t\t\t\t\t\t\t<\/div>\r\n\t\t\t\t\t\t\t\t\t<div class=\"thx-inner-title headline-3\">\r\n\t\t\t\t\t\t\t\t\t\t<h3> <a href=\"https:\/\/kferfseguros.com.br\/index.php\/glow_service\/business-audit\/\">Seguro Odontol\u00f3gico<\/a><\/h3>   \r\n\t\t\t\t\t\t\t\t\t<\/div>\r\n\t\t\t\t\t\t\t\t\t<div class=\"thx-inner-text ul-li-block\">\r\n\t\t\t\t\t\t\t\t\t\t<p>Atuamos com os planos de Sa\u00fade e Odontol\u00f3gicos regionais e nacionais.<\/p>\t\t\t\t\t\t\t\t\t<\/div>\r\n\t\t\t\t\t\t\t\t\t<div class=\"thx-inner-btn\">\r\n\t\t\t\t\t\t\t\t\t\t<a class=\"d-flex justify-content-center align-items-center\" href=\"https:\/\/kferfseguros.com.br\/index.php\/glow_service\/business-audit\/\">Saiba Mais <i class=\"far fa-arrow-right\"><\/i><\/a>\r\n\t\t\t\t\t\t\t\t\t<\/div>\r\n\t\t\t\t\t\t\t\t<\/div>\r\n\t\t\t\t\t\t\t\t\t\t\t\t\t\t\t\t<div class=\"thx-inner-img-wrap position-relative\">\r\n\t\t\t\t\t\t\t\t\t<span class=\"img-shape position-absolute\"><img decoding=\"async\" src=\"https:\/\/themexriver.com\/glow-demo\/wp-content\/uploads\/2022\/03\/sh14.png\" alt=\"\"><\/span>\r\n\t\t\t\t\t\t\t\t\t<div class=\"thx-inner-img\">\r\n\t\t\t\t\t\t\t\t\t\t<img decoding=\"async\" src=\"https:\/\/kferfseguros.com.br\/wp-content\/uploads\/2024\/03\/DENTE-PNG.png\" alt=\"\">\r\n\t\t\t\t\t\t\t\t\t<\/div>\r\n\t\t\t\t\t\t\t\t<\/div>\r\n\t\t\t\t\t\t\t\t\t\t\t\t\t\t\t<\/div>\r\n\t\t\t\t\t\t<\/div>\r\n\t\t\t\t\t<\/div>\r\n\t\t\t\t\t                    \t\t\t\t\t<div class=\"thx-slider-inner\">\r\n\t\t\t\t\t\t<div class=\"gl-service-slider-items\">\r\n\t\t\t\t\t\t\t<div class=\"thx-inner-item d-flex flex-wrap justify-content-between\">\r\n\t\t\t\t\t\t\t\t<div class=\"thx-inner-text-wrap\">\r\n\t\t\t\t\t\t\t\t\t<div class=\"thx-inner-icon position-relative\">\r\n\t\t\t\t\t\t\t\t\t\t<img decoding=\"async\" src=\"https:\/\/kferfseguros.com.br\/wp-content\/uploads\/2022\/05\/heart-info.svg\" alt=\"\">\r\n\t\t\t\t\t\t\t\t\t<\/div>\r\n\t\t\t\t\t\t\t\t\t<div class=\"thx-inner-title headline-3\">\r\n\t\t\t\t\t\t\t\t\t\t<h3> <a href=\"https:\/\/kferfseguros.com.br\/index.php\/glow_service\/taxation-planning\/\">Previd\u00eancia Individual<\/a><\/h3>   \r\n\t\t\t\t\t\t\t\t\t<\/div>\r\n\t\t\t\t\t\t\t\t\t<div class=\"thx-inner-text ul-li-block\">\r\n\t\t\t\t\t\t\t\t\t\t<p>Com a Previd\u00eancia Individual voc\u00ea fica tranquilo para aproveitar, sonhar, realizar e viver de forma ainda mais intensa.<\/p>\t\t\t\t\t\t\t\t\t<\/div>\r\n\t\t\t\t\t\t\t\t\t<div class=\"thx-inner-btn\">\r\n\t\t\t\t\t\t\t\t\t\t<a class=\"d-flex justify-content-center align-items-center\" href=\"https:\/\/kferfseguros.com.br\/index.php\/glow_service\/taxation-planning\/\">Saiba Mais <i class=\"far fa-arrow-right\"><\/i><\/a>\r\n\t\t\t\t\t\t\t\t\t<\/div>\r\n\t\t\t\t\t\t\t\t<\/div>\r\n\t\t\t\t\t\t\t\t\t\t\t\t\t\t\t\t<div class=\"thx-inner-img-wrap position-relative\">\r\n\t\t\t\t\t\t\t\t\t<span class=\"img-shape position-absolute\"><img decoding=\"async\" src=\"https:\/\/themexriver.com\/glow-demo\/wp-content\/uploads\/2022\/03\/sh14.png\" alt=\"\"><\/span>\r\n\t\t\t\t\t\t\t\t\t<div class=\"thx-inner-img\">\r\n\t\t\t\t\t\t\t\t\t\t<img decoding=\"async\" src=\"https:\/\/kferfseguros.com.br\/wp-content\/uploads\/2024\/03\/aposentadori.png\" alt=\"\">\r\n\t\t\t\t\t\t\t\t\t<\/div>\r\n\t\t\t\t\t\t\t\t<\/div>\r\n\t\t\t\t\t\t\t\t\t\t\t\t\t\t\t<\/div>\r\n\t\t\t\t\t\t<\/div>\r\n\t\t\t\t\t<\/div>\r\n\t\t\t\t\t                    \t\t\t\t\t<div class=\"thx-slider-inner\">\r\n\t\t\t\t\t\t<div class=\"gl-service-slider-items\">\r\n\t\t\t\t\t\t\t<div class=\"thx-inner-item d-flex flex-wrap justify-content-between\">\r\n\t\t\t\t\t\t\t\t<div class=\"thx-inner-text-wrap\">\r\n\t\t\t\t\t\t\t\t\t<div class=\"thx-inner-icon position-relative\">\r\n\t\t\t\t\t\t\t\t\t\t<img decoding=\"async\" src=\"https:\/\/themexriver.com\/wp\/glox-demo\/wp-content\/uploads\/2022\/05\/heart-info.svg\" alt=\"\">\r\n\t\t\t\t\t\t\t\t\t<\/div>\r\n\t\t\t\t\t\t\t\t\t<div class=\"thx-inner-title headline-3\">\r\n\t\t\t\t\t\t\t\t\t\t<h3> <a href=\"https:\/\/kferfseguros.com.br\/index.php\/glow_service\/tax-advisory\/\">Seguro Eletr\u00f4nicos<\/a><\/h3>   \r\n\t\t\t\t\t\t\t\t\t<\/div>\r\n\t\t\t\t\t\t\t\t\t<div class=\"thx-inner-text ul-li-block\">\r\n\t\t\t\t\t\t\t\t\t\t<p>Proteja seus Equipamentos Eletr\u00f4nicos e fique tranquilo!<\/p>\t\t\t\t\t\t\t\t\t<\/div>\r\n\t\t\t\t\t\t\t\t\t<div class=\"thx-inner-btn\">\r\n\t\t\t\t\t\t\t\t\t\t<a class=\"d-flex justify-content-center align-items-center\" href=\"https:\/\/kferfseguros.com.br\/index.php\/glow_service\/tax-advisory\/\">Saiba Mais <i class=\"far fa-arrow-right\"><\/i><\/a>\r\n\t\t\t\t\t\t\t\t\t<\/div>\r\n\t\t\t\t\t\t\t\t<\/div>\r\n\t\t\t\t\t\t\t\t\t\t\t\t\t\t\t\t<div class=\"thx-inner-img-wrap position-relative\">\r\n\t\t\t\t\t\t\t\t\t<span class=\"img-shape position-absolute\"><img decoding=\"async\" src=\"https:\/\/themexriver.com\/glow-demo\/wp-content\/uploads\/2022\/03\/sh14.png\" alt=\"\"><\/span>\r\n\t\t\t\t\t\t\t\t\t<div class=\"thx-inner-img\">\r\n\t\t\t\t\t\t\t\t\t\t<img decoding=\"async\" src=\"https:\/\/kferfseguros.com.br\/wp-content\/uploads\/2024\/03\/protecao.png\" alt=\"\">\r\n\t\t\t\t\t\t\t\t\t<\/div>\r\n\t\t\t\t\t\t\t\t<\/div>\r\n\t\t\t\t\t\t\t\t\t\t\t\t\t\t\t<\/div>\r\n\t\t\t\t\t\t<\/div>\r\n\t\t\t\t\t<\/div>\r\n\t\t\t\t\t\t\t\t\t<\/div>\r\n\t\t\t<\/div>\r\n\t\t<\/div>\r\n\t<\/section>\r\n<!-- End of service section\r\n\t============================================= -->\t\t<\/div>\n\t\t\t\t<\/div>\n\t\t\t\t\t<\/div>\n\t\t<\/div>\n\t\t\t\t\t<\/div>\n\t\t<\/section>\n\t\t\t\t<section class=\"elementor-section elementor-top-section elementor-element elementor-element-6f91c98 elementor-section-full_width elementor-section-height-default elementor-section-height-default\" data-id=\"6f91c98\" data-element_type=\"section\">\n\t\t\t\t\t\t<div class=\"elementor-container elementor-column-gap-no\">\n\t\t\t\t\t<div class=\"elementor-column elementor-col-100 elementor-top-column elementor-element elementor-element-e1f56cf\" data-id=\"e1f56cf\" data-element_type=\"column\">\n\t\t\t<div class=\"elementor-widget-wrap elementor-element-populated\">\n\t\t\t\t\t\t<div class=\"elementor-element elementor-element-b16cf27 elementor-widget elementor-widget-glow-ns-lter\" data-id=\"b16cf27\" data-element_type=\"widget\" data-widget_type=\"glow-ns-lter.default\">\n\t\t\t\t<div class=\"elementor-widget-container\">\n\t\t\t    <!-- Start of footer section\r\n\t============================================= -->\r\n\t<section id=\"footer-subscription\" class=\"gl-footer-subcription-section position-relative\">\r\n\t\t<div class=\"container\">\r\n\t\t\t<div class=\"gl-footer-subcription-content d-flex justify-content-between align-items-center\">\r\n\t\t\t\t<div class=\"gl-footer-subcription-text headline pera-content\">\r\n                    \t\t\t\t\t    <h2>Assine nossa newsletter<\/h2>\r\n                                        \t\t\t\t\t    <p>Receba nosso servi\u00e7o essencial de not\u00edcias sobre neg\u00f3cios de seguros (\u00e9 gr\u00e1tis). com as \u00faltimas not\u00edcias e an\u00e1lises de especialistas.<\/p>\r\n                    \t\t\t\t<\/div>\r\n\t\t\t\t<div class=\"footer-subscription-form position-relative\">\r\n\r\n                    \t\t\t\t\t    <span class=\"fs-shape position-absolute\"><img decoding=\"async\" src=\"https:\/\/themexriver.com\/glow-demo\/wp-content\/uploads\/2022\/03\/send.png\" alt=\"\"><\/span>\r\n                                        \n<div class=\"wpcf7 no-js\" id=\"wpcf7-f1636-o1\" lang=\"en-US\" dir=\"ltr\">\n<div class=\"screen-reader-response\"><p role=\"status\" aria-live=\"polite\" aria-atomic=\"true\"><\/p> <ul><\/ul><\/div>\n<form action=\"\/index.php\/wp-json\/wp\/v2\/pages\/2069#wpcf7-f1636-o1\" method=\"post\" class=\"wpcf7-form init\" aria-label=\"Contact form\" novalidate=\"novalidate\" data-status=\"init\">\n<div style=\"display: none;\">\n<input type=\"hidden\" name=\"_wpcf7\" value=\"1636\" \/>\n<input type=\"hidden\" name=\"_wpcf7_version\" value=\"5.9\" \/>\n<input type=\"hidden\" name=\"_wpcf7_locale\" value=\"en_US\" \/>\n<input type=\"hidden\" name=\"_wpcf7_unit_tag\" value=\"wpcf7-f1636-o1\" \/>\n<input type=\"hidden\" name=\"_wpcf7_container_post\" value=\"0\" \/>\n<input type=\"hidden\" name=\"_wpcf7_posted_data_hash\" value=\"\" \/>\n<\/div>\n<p><span class=\"wpcf7-form-control-wrap\" data-name=\"sub-two-745\"><input size=\"40\" class=\"wpcf7-form-control wpcf7-email wpcf7-validates-as-required wpcf7-text wpcf7-validates-as-email\" aria-required=\"true\" aria-invalid=\"false\" placeholder=\"Digite seu e-mail\" value=\"\" type=\"email\" name=\"sub-two-745\" \/><\/span><button>Enviar<\/button>\n<\/p><div class=\"wpcf7-response-output\" aria-hidden=\"true\"><\/div>\n<\/form>\n<\/div>\n\t\t\t\t<\/div>\r\n\t\t\t<\/div>\r\n\t\t<\/div>\r\n\t<\/section>\t\r\n    \t\t<\/div>\n\t\t\t\t<\/div>\n\t\t\t\t\t<\/div>\n\t\t<\/div>\n\t\t\t\t\t<\/div>\n\t\t<\/section>\n\t\t\t\t<\/div>\n\t\t","protected":false},"excerpt":{"rendered":"<p>Nossos Servi\u00e7os Oferecemos o melhor servi\u00e7o de seguros para nossos clientes Seguro Residencial Coberturas como queda de raio, inc\u00eandio, explos\u00e3o, danos el\u00e9tricos e roubo. Saiba Mais Planejamento Sucess\u00f3rio Quais s\u00e3o as formas de fazer um Planejamento Sucess\u00f3rio?\u00a0 Saiba Mais Seguro Autom\u00f3vel \/ Frota Garanta a seguran\u00e7a, tranquilidade para a sua empresa ou fam\u00edlia! Saiba Mais [&hellip;]<\/p>\n","protected":false},"author":1,"featured_media":0,"parent":0,"menu_order":0,"comment_status":"closed","ping_status":"closed","template":"glox-elementor.php","meta":{"inline_featured_image":false,"footnotes":""},"_links":{"self":[{"href":"https:\/\/kferfseguros.com.br\/index.php\/wp-json\/wp\/v2\/pages\/2069"}],"collection":[{"href":"https:\/\/kferfseguros.com.br\/index.php\/wp-json\/wp\/v2\/pages"}],"about":[{"href":"https:\/\/kferfseguros.com.br\/index.php\/wp-json\/wp\/v2\/types\/page"}],"author":[{"embeddable":true,"href":"https:\/\/kferfseguros.com.br\/index.php\/wp-json\/wp\/v2\/users\/1"}],"replies":[{"embeddable":true,"href":"https:\/\/kferfseguros.com.br\/index.php\/wp-json\/wp\/v2\/comments?post=2069"}],"version-history":[{"count":53,"href":"https:\/\/kferfseguros.com.br\/index.php\/wp-json\/wp\/v2\/pages\/2069\/revisions"}],"predecessor-version":[{"id":4307,"href":"https:\/\/kferfseguros.com.br\/index.php\/wp-json\/wp\/v2\/pages\/2069\/revisions\/4307"}],"wp:attachment":[{"href":"https:\/\/kferfseguros.com.br\/index.php\/wp-json\/wp\/v2\/media?parent=2069"}],"curies":[{"name":"wp","href":"https:\/\/api.w.org\/{rel}","templated":true}]}}