{"id":1024,"date":"2022-03-05T10:50:14","date_gmt":"2022-03-05T10:50:14","guid":{"rendered":"https:\/\/themexriver.com\/glow-demo\/?page_id=1024"},"modified":"2025-08-29T16:37:38","modified_gmt":"2025-08-29T16:37:38","slug":"contact","status":"publish","type":"page","link":"https:\/\/kferfseguros.com.br\/index.php\/contact\/","title":{"rendered":"Contato"},"content":{"rendered":"\t\t<div data-elementor-type=\"wp-page\" data-elementor-id=\"1024\" class=\"elementor elementor-1024\" data-elementor-post-type=\"page\">\n\t\t\t\t\t\t<section class=\"elementor-section elementor-top-section elementor-element elementor-element-749d240 elementor-section-full_width elementor-section-height-default elementor-section-height-default\" data-id=\"749d240\" data-element_type=\"section\">\n\t\t\t\t\t\t<div class=\"elementor-container elementor-column-gap-no\">\n\t\t\t\t\t<div class=\"elementor-column elementor-col-100 elementor-top-column elementor-element elementor-element-b0e814e\" data-id=\"b0e814e\" data-element_type=\"column\">\n\t\t\t<div class=\"elementor-widget-wrap elementor-element-populated\">\n\t\t\t\t\t\t<div class=\"elementor-element elementor-element-a4d5eac elementor-widget elementor-widget-glow-cta-box\" data-id=\"a4d5eac\" data-element_type=\"widget\" data-widget_type=\"glow-cta-box.default\">\n\t\t\t\t<div class=\"elementor-widget-container\">\n\t\t\t<!-- Start of Call to action section\r\n        ============================================= -->\r\n        <section id=\"gl-call-to-action\" class=\"gl-call-to-action-section\">\r\n            <div class=\"container\">\r\n                <div class=\"gl-call-to-action-content\">\r\n                    <div class=\"row\">\r\n                        <div class=\"col-lg-6 wow fadeInLeft\" data-wow-delay=\"0ms\" data-wow-duration=\"1500ms\">\r\n                            <div class=\"gl-cta-text-wrap\">\r\n                                <div class=\"gl-section-title headline pera-content\">\r\n\r\n                                                                            <h2>Nossos Contatos<\/h2>\r\n                                    \r\n                                                                            <p>Ligue ou envie uma mensagem,\nhor\u00e1rio de atendimento \u00e9 de segunda a sexta-feira das 08h30 \u00e0s 17h30, exceto feriados.\nCaso precise de atendimento para Assist\u00eancia Emergencial ou Aviso de Sinistro, favor contatar imediatamente nossa Central 24h.<\/p>\r\n                                    \r\n                                <\/div>\r\n                                                                <div class=\"gl-cta-info-item d-flex align-items-center\">\r\n                                    <div class=\"gl-cta-info-icon d-flex align-items-center justify-content-center\">\r\n                                        <img decoding=\"async\" src=\"https:\/\/themexriver.com\/wp\/glox-demo\/wp-content\/uploads\/2022\/05\/phone.svg\" alt=\"\">\r\n                                    <\/div>\r\n                                    <div class=\"gl-cta-info-text headline\">\r\n                                        <h6>Telefone<\/h6>\r\n                                        <span>Escritorio: (11) 5123-4510 \/ Whatsapp (11)942105204<\/span>\r\n                                    <\/div>\r\n                                <\/div>\r\n                                                                <div class=\"gl-cta-info-item d-flex align-items-center\">\r\n                                    <div class=\"gl-cta-info-icon d-flex align-items-center justify-content-center\">\r\n                                        <img decoding=\"async\" src=\"https:\/\/themexriver.com\/wp\/glox-demo\/wp-content\/uploads\/2022\/05\/comment.svg\" alt=\"\">\r\n                                    <\/div>\r\n                                    <div class=\"gl-cta-info-text headline\">\r\n                                        <h6>Nossos E-Mails<\/h6>\r\n                                        <span>contato@kferfseguros.com.br suporte@kferfseguros.com.br  consultoria@kferfseguros.com.br\n<\/span>\r\n                                    <\/div>\r\n                                <\/div>\r\n                                                            <\/div>\r\n                        <\/div>\r\n                        <div class=\"col-lg-6 position-relative wow fadeInRight\" data-wow-delay=\"200ms\" data-wow-duration=\"1500ms\">\r\n                            <div class=\"gl-call-to-action-form-wrap \">\r\n                                <div class=\"gl-call-to-action-form headline\">\r\n                                                                            <h3>Obtenha uma Cota\u00e7\u00e3o<\/h3>\r\n                                                                        \n<div class=\"wpcf7 no-js\" id=\"wpcf7-f1299-o1\" lang=\"en-US\" dir=\"ltr\">\n<div class=\"screen-reader-response\"><p role=\"status\" aria-live=\"polite\" aria-atomic=\"true\"><\/p> <ul><\/ul><\/div>\n<form action=\"\/index.php\/wp-json\/wp\/v2\/pages\/1024#wpcf7-f1299-o1\" method=\"post\" class=\"wpcf7-form init\" aria-label=\"Contact form\" novalidate=\"novalidate\" data-status=\"init\">\n<div style=\"display: none;\">\n<input type=\"hidden\" name=\"_wpcf7\" value=\"1299\" \/>\n<input type=\"hidden\" name=\"_wpcf7_version\" value=\"5.9\" \/>\n<input type=\"hidden\" name=\"_wpcf7_locale\" value=\"en_US\" \/>\n<input type=\"hidden\" name=\"_wpcf7_unit_tag\" value=\"wpcf7-f1299-o1\" \/>\n<input type=\"hidden\" name=\"_wpcf7_container_post\" value=\"0\" \/>\n<input type=\"hidden\" name=\"_wpcf7_posted_data_hash\" value=\"\" \/>\n<\/div>\n<div class=\"gl-team-contact-form\">\n\t<div class=\"gl-faq-ques-form\">\n\t\t<div class=\"gl-call-to-action-form headline\">\n\t\t\t<div class=\"row\">\n\t\t\t\t<div class=\"col-md-6\">\n\t\t\t\t\t<div class=\"cta-input position-relative\">\n\t\t\t\t\t\t<p><span class=\"wpcf7-form-control-wrap\" data-name=\"appoinment-363\"><input size=\"40\" class=\"wpcf7-form-control wpcf7-text wpcf7-validates-as-required\" aria-required=\"true\" aria-invalid=\"false\" placeholder=\"Primeiro Nome*\" value=\"\" type=\"text\" name=\"appoinment-363\" \/><\/span><i class=\"fas fa-user\"><\/i>\n\t\t\t\t\t\t<\/p>\n\t\t\t\t\t<\/div>\n\t\t\t\t<\/div>\n\t\t\t\t<div class=\"col-md-6\">\n\t\t\t\t\t<div class=\"cta-input position-relative\">\n\t\t\t\t\t\t<p><span class=\"wpcf7-form-control-wrap\" data-name=\"appoinment-email-976\"><input size=\"40\" class=\"wpcf7-form-control wpcf7-email wpcf7-validates-as-required wpcf7-text wpcf7-validates-as-email\" aria-required=\"true\" aria-invalid=\"false\" placeholder=\"e-mail\" value=\"\" type=\"email\" name=\"appoinment-email-976\" \/><\/span><i class=\"fas fa-envelope\"><\/i>\n\t\t\t\t\t\t<\/p>\n\t\t\t\t\t<\/div>\n\t\t\t\t<\/div>\n\t\t\t\t<div class=\"col-md-6\">\n\t\t\t\t\t<div class=\"cta-input position-relative\">\n\t\t\t\t\t\t<p><span class=\"wpcf7-form-control-wrap\" data-name=\"appoinment-drop-461\"><select class=\"wpcf7-form-control wpcf7-select wpcf7-validates-as-required\" aria-required=\"true\" aria-invalid=\"false\" name=\"appoinment-drop-461\"><option value=\"Financial Planning\">Financial Planning<\/option><option value=\"Marketing Planning\">Marketing Planning<\/option><option value=\"Management Planning\">Management Planning<\/option><\/select><\/span>\n\t\t\t\t\t\t<\/p>\n\t\t\t\t\t<\/div>\n\t\t\t\t<\/div>\n\t\t\t\t<div class=\"col-md-6\">\n\t\t\t\t\t<div class=\"cta-input position-relative\">\n\t\t\t\t\t\t<p><span class=\"wpcf7-form-control-wrap\" data-name=\"appoinment-phone-363\"><input size=\"40\" class=\"wpcf7-form-control wpcf7-text wpcf7-validates-as-required\" aria-required=\"true\" aria-invalid=\"false\" placeholder=\"WhatsApp\" value=\"\" type=\"text\" name=\"appoinment-phone-363\" \/><\/span><i class=\"fas fa-phone-alt\"><\/i>\n\t\t\t\t\t\t<\/p>\n\t\t\t\t\t<\/div>\n\t\t\t\t<\/div>\n\t\t\t\t<div class=\"col-md-12\">\n\t\t\t\t\t<div class=\"cta-input position-relative\">\n\t\t\t\t\t\t<p><span class=\"wpcf7-form-control-wrap\" data-name=\"appoinment-desc-705\"><textarea cols=\"40\" rows=\"10\" class=\"wpcf7-form-control wpcf7-textarea\" aria-invalid=\"false\" placeholder=\"Digite sua menssagem\" name=\"appoinment-desc-705\"><\/textarea><\/span><i class=\"fal fa-edit\"><\/i>\n\t\t\t\t\t\t<\/p>\n\t\t\t\t\t<\/div>\n\t\t\t\t<\/div>\n\t\t\t<\/div>\n\t\t\t<p><button type=\"submit\">Enviar<\/button>\n\t\t\t<\/p>\n\t\t<\/div>\n\t<\/div>\n<\/div><div class=\"wpcf7-response-output\" aria-hidden=\"true\"><\/div>\n<\/form>\n<\/div>\n                                                                        \r\n                                                                                                            <span class=\"gl-call-to-action-shape position-absolute\" data-parallax='{\"x\" : -50}'><img decoding=\"async\" src=\"https:\/\/themexriver.com\/wp\/glox-demo\/wp-content\/uploads\/2022\/05\/Object.svg\" alt=\"\"><\/span>\r\n                                                                    <\/div>\r\n                            <\/div>\r\n                        <\/div>\r\n                    <\/div>\r\n                <\/div>\r\n            <\/div>\r\n        <\/section>\t\t\r\n    <!-- End of Call to action section\r\n        ============================================= -->\t\t<\/div>\n\t\t\t\t<\/div>\n\t\t\t\t\t<\/div>\n\t\t<\/div>\n\t\t\t\t\t<\/div>\n\t\t<\/section>\n\t\t\t\t<section class=\"elementor-section elementor-top-section elementor-element elementor-element-669fc78 elementor-section-full_width elementor-section-height-default elementor-section-height-default\" data-id=\"669fc78\" data-element_type=\"section\">\n\t\t\t\t\t\t<div class=\"elementor-container elementor-column-gap-no\">\n\t\t\t\t\t<div class=\"elementor-column elementor-col-100 elementor-top-column elementor-element elementor-element-f21409e\" data-id=\"f21409e\" data-element_type=\"column\">\n\t\t\t<div class=\"elementor-widget-wrap elementor-element-populated\">\n\t\t\t\t\t\t<div class=\"elementor-element elementor-element-95c50c0 elementor-widget elementor-widget-google_maps\" data-id=\"95c50c0\" data-element_type=\"widget\" data-widget_type=\"google_maps.default\">\n\t\t\t\t<div class=\"elementor-widget-container\">\n\t\t\t<style>\/*! elementor - v3.19.0 - 28-02-2024 *\/\n.elementor-widget-google_maps .elementor-widget-container{overflow:hidden}.elementor-widget-google_maps .elementor-custom-embed{line-height:0}.elementor-widget-google_maps iframe{height:300px}<\/style>\t\t<div class=\"elementor-custom-embed\">\n\t\t\t<iframe loading=\"lazy\"\n\t\t\t\t\tsrc=\"https:\/\/maps.google.com\/maps?q=Endere%C3%A7o%3A%20Rua%20Coronel%20Oscar%20Porto%2C%20813%20%20cj%2041-%20Para%C3%ADso%2C%20S%C3%A3o%20Paulo%20-%20SP%2C%2004003-000&#038;t=m&#038;z=15&#038;output=embed&#038;iwloc=near\"\n\t\t\t\t\ttitle=\"Endere\u00e7o: Rua Coronel Oscar Porto, 813  cj 41- Para\u00edso, S\u00e3o Paulo - SP, 04003-000\"\n\t\t\t\t\taria-label=\"Endere\u00e7o: Rua Coronel Oscar Porto, 813  cj 41- Para\u00edso, S\u00e3o Paulo - SP, 04003-000\"\n\t\t\t><\/iframe>\n\t\t<\/div>\n\t\t\t\t<\/div>\n\t\t\t\t<\/div>\n\t\t\t\t\t<\/div>\n\t\t<\/div>\n\t\t\t\t\t<\/div>\n\t\t<\/section>\n\t\t\t\t<\/div>\n\t\t","protected":false},"excerpt":{"rendered":"<p>Nossos Contatos Ligue ou envie uma mensagem, hor\u00e1rio de atendimento \u00e9 de segunda a sexta-feira das 08h30 \u00e0s 17h30, exceto feriados. Caso precise de atendimento para Assist\u00eancia Emergencial ou Aviso de Sinistro, favor contatar imediatamente nossa Central 24h. Telefone Escritorio: (11) 5123-4510 \/ Whatsapp (11)942105204 Nossos E-Mails contato@kferfseguros.com.br suporte@kferfseguros.com.br consultoria@kferfseguros.com.br Obtenha uma Cota\u00e7\u00e3o Financial PlanningMarketing [&hellip;]<\/p>\n","protected":false},"author":1,"featured_media":0,"parent":0,"menu_order":0,"comment_status":"closed","ping_status":"closed","template":"glox-elementor.php","meta":{"inline_featured_image":false,"footnotes":""},"_links":{"self":[{"href":"https:\/\/kferfseguros.com.br\/index.php\/wp-json\/wp\/v2\/pages\/1024"}],"collection":[{"href":"https:\/\/kferfseguros.com.br\/index.php\/wp-json\/wp\/v2\/pages"}],"about":[{"href":"https:\/\/kferfseguros.com.br\/index.php\/wp-json\/wp\/v2\/types\/page"}],"author":[{"embeddable":true,"href":"https:\/\/kferfseguros.com.br\/index.php\/wp-json\/wp\/v2\/users\/1"}],"replies":[{"embeddable":true,"href":"https:\/\/kferfseguros.com.br\/index.php\/wp-json\/wp\/v2\/comments?post=1024"}],"version-history":[{"count":17,"href":"https:\/\/kferfseguros.com.br\/index.php\/wp-json\/wp\/v2\/pages\/1024\/revisions"}],"predecessor-version":[{"id":4381,"href":"https:\/\/kferfseguros.com.br\/index.php\/wp-json\/wp\/v2\/pages\/1024\/revisions\/4381"}],"wp:attachment":[{"href":"https:\/\/kferfseguros.com.br\/index.php\/wp-json\/wp\/v2\/media?parent=1024"}],"curies":[{"name":"wp","href":"https:\/\/api.w.org\/{rel}","templated":true}]}}